{"id":660,"date":"2009-11-10T03:33:34","date_gmt":"2009-11-10T01:33:34","guid":{"rendered":"http:\/\/www.hnckalip.com\/?page_id=660"},"modified":"2022-03-02T16:23:50","modified_gmt":"2022-03-02T13:23:50","slug":"referanslarimiz","status":"publish","type":"page","link":"https:\/\/www.hnckalip.com\/index.php\/ulasim-krokisi\/referanslarimiz\/","title":{"rendered":"REFERANSLAR"},"content":{"rendered":"<h2 style=\"text-align: center;\"><a href=\"http:\/\/www.akpaltd.com.tr\" target=\"_blank\" rel=\"noopener\"><span style=\"color: #ff0000;\"><em>Akpa Al\u00fcminyum<\/em><\/span><\/a><\/h2>\n<h2 style=\"text-align: center;\"><a href=\"http:\/\/www.alaks.com.tr\" target=\"_blank\" rel=\"noopener\"><span style=\"color: #ff0000;\"><em>Alaks Al\u00fcminyum<\/em><\/span><\/a><\/h2>\n<h2 style=\"text-align: center;\"><a href=\"http:\/\/alpena.com.tr\/\" target=\"_blank\" rel=\"noopener\"><span style=\"color: #ff0000;\"><em>Alpena Yap\u0131 Elemanlar\u0131<\/em><\/span><\/a><\/h2>\n<h2 style=\"text-align: center;\"><span style=\"color: #ff0000;\"><em><a href=\"http:\/\/www.ankaaluminyum.com\/\" target=\"_blank\" rel=\"noopener\"><span style=\"color: #ff0000;\">Anka Al\u00fcminyum<\/span><\/a><\/em><\/span><\/h2>\n<h2 style=\"text-align: center;\"><span style=\"color: #ff0000;\"><em><a href=\"http:\/\/www.astek-mt.ru\/\" target=\"_blank\" rel=\"noopener\"><span style=\"color: #ff0000;\">Astek D\u0131\u015f Ticaret<\/span><\/a><\/em><\/span><\/h2>\n<h2 style=\"text-align: center;\"><a href=\"http:\/\/www.bayindir-pvc.com\" target=\"_blank\" rel=\"noopener\"><span style=\"color: #ff0000;\"><em>Bay\u0131nd\u0131r Pvc<\/em><\/span><\/a><\/h2>\n<h2 style=\"text-align: center;\"><span style=\"color: #ff0000;\"><em><a href=\"http:\/\/www.biliciplastik.com\/\" target=\"_blank\" rel=\"noopener\"><span style=\"color: #ff0000;\">Bilici Plastik<\/span><\/a><\/em><\/span><\/h2>\n<h2 style=\"text-align: center;\"><a href=\"http:\/\/www.canaluminyum.com.tr\" target=\"_blank\" rel=\"noopener\"><span style=\"color: #ff0000;\"><em>Can Al\u00fcminyum<\/em><\/span><\/a><\/h2>\n<h2 style=\"text-align: center;\"><a href=\"http:\/\/www.gungoraluminyum.com\/\" target=\"_blank\" rel=\"noopener\"><span style=\"color: #ff0000;\"><em>G\u00fcng\u00f6r Al\u00fcminyum<\/em><\/span><\/a><\/h2>\n<h2 style=\"text-align: center;\"><a href=\"http:\/\/www.hilalaluminyum.com.tr\" target=\"_blank\" rel=\"noopener\"><span style=\"color: #ff0000;\"><em>Hilal Al\u00fcminyum<\/em><\/span><\/a><\/h2>\n<h2 style=\"text-align: center;\"><a href=\"http:\/\/www.karakayaal.com\" target=\"_blank\" rel=\"noopener\"><span style=\"color: #ff0000;\"><em>Karakaya Al\u00fcminyum<\/em><\/span><\/a><\/h2>\n<h2 style=\"text-align: center;\"><a href=\"http:\/\/www.kayrametal.com.tr\" target=\"_blank\" rel=\"noopener\"><span style=\"color: #ff0000;\"><em>Kayra Metal<\/em><\/span><\/a><\/h2>\n<h2 style=\"text-align: center;\"><span style=\"color: #ff0000;\">Aktif H\u0131rdavat<\/span><\/h2>\n<h2 style=\"text-align: center;\"><span style=\"color: #ff0000;\"><em><a href=\"http:\/\/www.egetamas.com.tr\/default.asp\" target=\"_blank\" rel=\"noopener\"><span style=\"color: #ff0000;\">Ege Tama\u015f<\/span><\/a> <\/em><\/span><\/h2>\n<h2 style=\"text-align: center;\"><span style=\"color: #ff0000;\"><em>Erta elektronik<\/em><\/span><\/h2>\n<h2 style=\"text-align: center;\"><span style=\"color: #ff0000;\"><em><a href=\"http:\/\/www.factorh.com.tr\/\" target=\"_blank\" rel=\"noopener\"><span style=\"color: #ff0000;\">Factorh Otomasyon<\/span><\/a><\/em><\/span><\/h2>\n<h2 style=\"text-align: center;\"><span style=\"color: #ff0000;\"><em><a href=\"http:\/\/www.lva.com.tr\/tr\/index.php\" target=\"_blank\" rel=\"noopener\"><span style=\"color: #ff0000;\">Liva gaz<\/span><\/a><\/em><\/span><\/h2>\n<h2 style=\"text-align: center;\"><span style=\"color: #ff0000;\"><em>Mehmet Beyaz Mobilya Aksesuarlar\u0131<\/em><\/span><\/h2>\n<h2 style=\"text-align: center;\"><span style=\"color: #ff0000;\"><em>MB Plastik<\/em><\/span><\/h2>\n<h2 style=\"text-align: center;\"><span style=\"color: #ff0000;\"><em>Necip H\u0131rdavat<\/em><\/span><\/h2>\n<h2 style=\"text-align: center;\"><span style=\"color: #ff0000;\"><em>Onur Boya H\u0131rdavat<\/em><\/span><\/h2>\n<h2 style=\"text-align: center;\"><span style=\"color: #ff0000;\"><em>Saglamc\u0131lar Orm.\u00dcr\u00fcnleri<\/em><\/span><\/h2>\n<h2 style=\"text-align: center;\"><span style=\"color: #ff0000;\"><em>Skala Mob.Aksesuarlar\u0131<\/em><\/span><\/h2>\n<h2 style=\"text-align: center;\"><span style=\"color: #ff0000;\"><em><a style=\"color: #ff0000;\" href=\"http:\/\/www.samet.com.tr\/tr\/\" target=\"_blank\" rel=\"noopener\">SAMET<\/a><\/em><\/span><\/h2>\n<h2 style=\"text-align: center;\"><span style=\"color: #ff0000;\"><em>Ya\u015far Teknik H\u0131rdavat<\/em><\/span><\/h2>\n<h2 style=\"text-align: center;\"><span style=\"color: #ff0000;\"><em>Zahit Al\u00fcminyum<\/em><\/span><\/h2>\n<h2 style=\"text-align: center;\"><span style=\"color: #ff0000;\"><em>Novalux Ayd\u0131nlatma<\/em><\/span><\/h2>\n<h2 style=\"text-align: center;\"><span style=\"color: #ff0000;\"><em>T\u00fcrkeli Toka <\/em><\/span><\/h2>\n<p>&nbsp;<\/p>\n","protected":false},"excerpt":{"rendered":"<p>Akpa Al\u00fcminyum Alaks Al\u00fcminyum Alpena Yap\u0131 Elemanlar\u0131 Anka Al\u00fcminyum Astek D\u0131\u015f Ticaret Bay\u0131nd\u0131r Pvc Bilici Plastik Can Al\u00fcminyum G\u00fcng\u00f6r Al\u00fcminyum Hilal Al\u00fcminyum Karakaya Al\u00fcminyum Kayra Metal Aktif H\u0131rdavat Ege Tama\u015f Erta elektronik Factorh Otomasyon Liva gaz Mehmet Beyaz Mobilya Aksesuarlar\u0131 MB Plastik Necip H\u0131rdavat Onur Boya H\u0131rdavat Saglamc\u0131lar Orm.\u00dcr\u00fcnleri Skala [&hellip;]<\/p>\n","protected":false},"author":5,"featured_media":0,"parent":114,"menu_order":2,"comment_status":"closed","ping_status":"closed","template":"","meta":[],"_links":{"self":[{"href":"https:\/\/www.hnckalip.com\/index.php\/wp-json\/wp\/v2\/pages\/660"}],"collection":[{"href":"https:\/\/www.hnckalip.com\/index.php\/wp-json\/wp\/v2\/pages"}],"about":[{"href":"https:\/\/www.hnckalip.com\/index.php\/wp-json\/wp\/v2\/types\/page"}],"author":[{"embeddable":true,"href":"https:\/\/www.hnckalip.com\/index.php\/wp-json\/wp\/v2\/users\/5"}],"replies":[{"embeddable":true,"href":"https:\/\/www.hnckalip.com\/index.php\/wp-json\/wp\/v2\/comments?post=660"}],"version-history":[{"count":0,"href":"https:\/\/www.hnckalip.com\/index.php\/wp-json\/wp\/v2\/pages\/660\/revisions"}],"up":[{"embeddable":true,"href":"https:\/\/www.hnckalip.com\/index.php\/wp-json\/wp\/v2\/pages\/114"}],"wp:attachment":[{"href":"https:\/\/www.hnckalip.com\/index.php\/wp-json\/wp\/v2\/media?parent=660"}],"curies":[{"name":"wp","href":"https:\/\/api.w.org\/{rel}","templated":true}]}}