{"id":26,"date":"2008-12-31T07:12:04","date_gmt":"2008-12-31T15:12:04","guid":{"rendered":"http:\/\/www.hnckalip.com\/?page_id=26"},"modified":"2022-03-02T16:02:26","modified_gmt":"2022-03-02T13:02:26","slug":"kalip-uretim-bolumu","status":"publish","type":"page","link":"https:\/\/www.hnckalip.com\/index.php\/kalip-uretim-bolumu\/","title":{"rendered":"TEZGAH B\u00d6L\u00dcM\u00dc"},"content":{"rendered":"\n<div class=\"wp-block-columns is-layout-flex wp-container-5\">\n<div class=\"wp-block-column is-layout-flow\" style=\"flex-basis:100%\">\n<div class=\"wp-block-group is-layout-flow\"><div class=\"wp-block-group__inner-container\">\n<div class=\"wp-block-columns is-layout-flex wp-container-2\">\n<div class=\"wp-block-column is-layout-flow\" style=\"flex-basis:100%\"><\/div>\n<\/div>\n<\/div><\/div>\n<\/div>\n<\/div>\n\n\n<h1>Kal\u0131p \u00dcretim B\u00f6l\u00fcm\u00fc<\/h1>\n<p>Firmam\u0131z bulunan CNC tezgahlar\u0131m\u0131zla m\u00fc\u015fterilerimize garantili i\u015fler taghut etmekteyiz firmam\u0131zda sadece fason i\u015fler de\u011fil kesme kal\u0131b\u0131 tasar\u0131m yap\u0131m ve bask\u0131 i\u015fleri plastik kal\u0131b\u0131 tasar\u0131m yap\u0131m makine tasar\u0131m ve yap\u0131m i\u015fleri&nbsp;makine yedek par\u00e7a yap\u0131m i\u015fleri yap\u0131lmaktad\u0131r firmam\u0131zda bulunan makinelerin adetleri ve abatlar\u0131<\/p>\n<h1 style=\"text-align: center;\">1 adet k\u00fc\u00e7\u00fck fanuc telerezyon tezgah\u0131 320x220x180<\/h1>\n<p><a href=\"https:\/\/www.hnckalip.com\/wp-content\/uploads\/tel.jpg\"><img decoding=\"async\" loading=\"lazy\" class=\"aligncenter wp-image-984\" title=\"tel\" src=\"https:\/\/www.hnckalip.com\/wp-content\/uploads\/tel.jpg\" alt=\"tel\" width=\"1024\" height=\"683\" srcset=\"https:\/\/www.hnckalip.com\/wp-content\/uploads\/tel.jpg 640w, https:\/\/www.hnckalip.com\/wp-content\/uploads\/tel-600x400.jpg 600w, https:\/\/www.hnckalip.com\/wp-content\/uploads\/tel-320x213.jpg 320w\" sizes=\"(max-width: 1024px) 100vw, 1024px\" \/><\/a><\/p>\n<h1 style=\"text-align: center;\">1 adet b\u00fcy\u00fck fanuc telerezyon tezgah\u0131 600x400x300<\/h1>\n<p><img decoding=\"async\" loading=\"lazy\" class=\"aligncenter size-large wp-image-1208\" src=\"https:\/\/www.hnckalip.com\/wp-content\/uploads\/20140104_105755-1024x576.jpg\" alt=\"20140104_105755\" width=\"584\" height=\"329\" srcset=\"https:\/\/www.hnckalip.com\/wp-content\/uploads\/20140104_105755-1024x576.jpg 1024w, https:\/\/www.hnckalip.com\/wp-content\/uploads\/20140104_105755-600x338.jpg 600w, https:\/\/www.hnckalip.com\/wp-content\/uploads\/20140104_105755-320x180.jpg 320w, https:\/\/www.hnckalip.com\/wp-content\/uploads\/20140104_105755-768x432.jpg 768w, https:\/\/www.hnckalip.com\/wp-content\/uploads\/20140104_105755-500x281.jpg 500w\" sizes=\"(max-width: 584px) 100vw, 584px\" \/><\/p>\n<h1 style=\"text-align: center;\">1 adet hardford cnc freze tezgah\u0131 1000x500x500<\/h1>\n<p><a href=\"https:\/\/www.hnckalip.com\/wp-content\/uploads\/20140522_GARTFORD.jpg\"><img decoding=\"async\" loading=\"lazy\" class=\"aligncenter wp-image-1127 size-large\" src=\"https:\/\/www.hnckalip.com\/wp-content\/uploads\/20140522_GARTFORD-1024x576.jpg\" alt=\"20140522_GARTFORD\" width=\"1024\" height=\"576\" srcset=\"https:\/\/www.hnckalip.com\/wp-content\/uploads\/20140522_GARTFORD-1024x576.jpg 1024w, https:\/\/www.hnckalip.com\/wp-content\/uploads\/20140522_GARTFORD-600x338.jpg 600w, https:\/\/www.hnckalip.com\/wp-content\/uploads\/20140522_GARTFORD-320x180.jpg 320w\" sizes=\"(max-width: 1024px) 100vw, 1024px\" \/><\/a><\/p>\n<h1 style=\"text-align: center;\">1 adet fokusseiki cnc freze tezgah\u0131 1200x700x700<\/h1>\n<h1>&nbsp;<\/h1>\n<h1><img decoding=\"async\" loading=\"lazy\" class=\"alignnone  wp-image-1450\" src=\"https:\/\/www.hnckalip.com\/wp-content\/uploads\/FOCUSSEIKI-CNC-FREZE-320x180.jpg\" alt=\"\" width=\"855\" height=\"481\" srcset=\"https:\/\/www.hnckalip.com\/wp-content\/uploads\/FOCUSSEIKI-CNC-FREZE-320x180.jpg 320w, https:\/\/www.hnckalip.com\/wp-content\/uploads\/FOCUSSEIKI-CNC-FREZE-scaled-600x338.jpg 600w, https:\/\/www.hnckalip.com\/wp-content\/uploads\/FOCUSSEIKI-CNC-FREZE-1024x576.jpg 1024w, https:\/\/www.hnckalip.com\/wp-content\/uploads\/FOCUSSEIKI-CNC-FREZE-768x432.jpg 768w, https:\/\/www.hnckalip.com\/wp-content\/uploads\/FOCUSSEIKI-CNC-FREZE-1536x864.jpg 1536w, https:\/\/www.hnckalip.com\/wp-content\/uploads\/FOCUSSEIKI-CNC-FREZE-2048x1152.jpg 2048w, https:\/\/www.hnckalip.com\/wp-content\/uploads\/FOCUSSEIKI-CNC-FREZE-500x281.jpg 500w\" sizes=\"(max-width: 855px) 100vw, 855px\" \/><\/h1>\n<h1 style=\"text-align: center;\">1 adet delik delme tezgah\u0131<img decoding=\"async\" loading=\"lazy\" class=\"aligncenter size-large wp-image-1210\" src=\"https:\/\/www.hnckalip.com\/wp-content\/uploads\/DEL\u0130K-DELME-683x1024.jpg\" alt=\"DEL\u0130K DELME\" width=\"584\" height=\"876\" srcset=\"https:\/\/www.hnckalip.com\/wp-content\/uploads\/DEL\u0130K-DELME-683x1024.jpg 683w, https:\/\/www.hnckalip.com\/wp-content\/uploads\/DEL\u0130K-DELME-200x300.jpg 200w, https:\/\/www.hnckalip.com\/wp-content\/uploads\/DEL\u0130K-DELME-768x1152.jpg 768w\" sizes=\"(max-width: 584px) 100vw, 584px\" \/><\/h1>\n<h1 style=\"text-align: center;\">2 adet k\u0131ng marja hassas freze tezgah\u0131<\/h1>\n<p><a href=\"https:\/\/www.hnckalip.com\/wp-content\/uploads\/20140522_181257-FREZELER.jpg\"><img decoding=\"async\" loading=\"lazy\" class=\"aligncenter size-large wp-image-1125\" src=\"https:\/\/www.hnckalip.com\/wp-content\/uploads\/20140522_181257-FREZELER-1024x576.jpg\" alt=\"20140522_181257 FREZELER\" width=\"1024\" height=\"576\" srcset=\"https:\/\/www.hnckalip.com\/wp-content\/uploads\/20140522_181257-FREZELER-1024x576.jpg 1024w, https:\/\/www.hnckalip.com\/wp-content\/uploads\/20140522_181257-FREZELER-600x338.jpg 600w, https:\/\/www.hnckalip.com\/wp-content\/uploads\/20140522_181257-FREZELER-320x180.jpg 320w\" sizes=\"(max-width: 1024px) 100vw, 1024px\" \/><\/a><\/p>\n<h1 style=\"text-align: center;\">1 adet 25 ton pres 1 adet 35 ton pres 1 adet 80 ton pres<\/h1>\n<p><img decoding=\"async\" loading=\"lazy\" class=\"aligncenter wp-image-1421 size-large\" src=\"https:\/\/www.hnckalip.com\/wp-content\/uploads\/PRESHANE-1024x576.jpg\" width=\"584\" height=\"329\" srcset=\"https:\/\/www.hnckalip.com\/wp-content\/uploads\/PRESHANE-1024x576.jpg 1024w, https:\/\/www.hnckalip.com\/wp-content\/uploads\/PRESHANE-scaled-600x338.jpg 600w, https:\/\/www.hnckalip.com\/wp-content\/uploads\/PRESHANE-320x180.jpg 320w, https:\/\/www.hnckalip.com\/wp-content\/uploads\/PRESHANE-768x432.jpg 768w, https:\/\/www.hnckalip.com\/wp-content\/uploads\/PRESHANE-500x281.jpg 500w\" sizes=\"(max-width: 584px) 100vw, 584px\" \/><\/p>","protected":false},"excerpt":{"rendered":"<p>Kal\u0131p \u00dcretim B\u00f6l\u00fcm\u00fc Firmam\u0131z bulunan CNC tezgahlar\u0131m\u0131zla m\u00fc\u015fterilerimize garantili i\u015fler taghut etmekteyiz firmam\u0131zda sadece fason i\u015fler de\u011fil kesme kal\u0131b\u0131 tasar\u0131m yap\u0131m ve bask\u0131 i\u015fleri plastik kal\u0131b\u0131 tasar\u0131m yap\u0131m makine tasar\u0131m ve yap\u0131m i\u015fleri&nbsp;makine yedek par\u00e7a yap\u0131m i\u015fleri yap\u0131lmaktad\u0131r firmam\u0131zda bulunan makinelerin adetleri ve abatlar\u0131 1 adet k\u00fc\u00e7\u00fck fanuc telerezyon tezgah\u0131 [&hellip;]<\/p>\n","protected":false},"author":5,"featured_media":0,"parent":0,"menu_order":3,"comment_status":"closed","ping_status":"closed","template":"","meta":[],"_links":{"self":[{"href":"https:\/\/www.hnckalip.com\/index.php\/wp-json\/wp\/v2\/pages\/26"}],"collection":[{"href":"https:\/\/www.hnckalip.com\/index.php\/wp-json\/wp\/v2\/pages"}],"about":[{"href":"https:\/\/www.hnckalip.com\/index.php\/wp-json\/wp\/v2\/types\/page"}],"author":[{"embeddable":true,"href":"https:\/\/www.hnckalip.com\/index.php\/wp-json\/wp\/v2\/users\/5"}],"replies":[{"embeddable":true,"href":"https:\/\/www.hnckalip.com\/index.php\/wp-json\/wp\/v2\/comments?post=26"}],"version-history":[{"count":0,"href":"https:\/\/www.hnckalip.com\/index.php\/wp-json\/wp\/v2\/pages\/26\/revisions"}],"wp:attachment":[{"href":"https:\/\/www.hnckalip.com\/index.php\/wp-json\/wp\/v2\/media?parent=26"}],"curies":[{"name":"wp","href":"https:\/\/api.w.org\/{rel}","templated":true}]}}