{"id":18,"date":"2008-12-31T06:54:48","date_gmt":"2008-12-31T14:54:48","guid":{"rendered":"http:\/\/www.hnckalip.com\/?page_id=18"},"modified":"2017-01-17T00:29:37","modified_gmt":"2017-01-17T08:29:37","slug":"kalite-politikamiz","status":"publish","type":"page","link":"https:\/\/www.hnckalip.com\/index.php\/kurumsal\/kalite-politikamiz\/","title":{"rendered":"Kalite Politikam\u0131z"},"content":{"rendered":"<h1>Kalite Politikam\u0131z<\/h1>\n<p>Firmam\u0131z m\u00fc\u015fteri memnuniyetini birinci planda tutmakta olup, geli\u015fmi\u015f ve yenilenmi\u015f Makina parkuruyla m\u00fc\u015fterilerimizin her t\u00fcrl\u00fc talebini zaman\u0131nda ve kusursuz kar\u015f\u0131lamay\u0131 kendisine ilke edinmi\u015ftir. Hedefimiz; de\u011fi\u015fen ve b\u00fcy\u00fcyen i\u015f ortaklar\u0131m\u0131z\u0131n ihtiya\u00e7lar\u0131n\u0131 profesyonel kadromuzla eksiksiz ve h\u0131zl\u0131 bir \u015fekilde kar\u015f\u0131layabilmek ve sekt\u00f6rde ilk s\u0131ralarda yer alabilmektir.<\/p>\n<p>HNC Kal\u0131p \u00fcretti\u011fi her kal\u0131b\u0131 \u00f6zel makine gibi g\u00f6rmektedir. Bizim i\u00e7in \u00fcretti\u011fimiz her kal\u0131p sekt\u00f6re ve m\u00fc\u015fterilerimize de\u011fer katacak \u00f6nemli bir par\u00e7ad\u0131r. Bu mant\u0131kla kal\u0131p imalat\u0131nda; kal\u0131b\u0131 en hassas ve en detayl\u0131 ayr\u0131nt\u0131lar\u0131na kadar her a\u015famas\u0131nda inceleyip m\u00fckemmel ve kusursuzu yaratma pe\u015findeyiz. Bu hassasiyetimiz bize kalite, g\u00fcven ve sad\u0131k m\u00fc\u015fteriler sa\u011flanm\u0131\u015ft\u0131r ve en \u00f6nemlisi kal\u0131plar\u0131m\u0131zla do\u011fan kaliteli \u00fcr\u00fcnlerin getirdi\u011fi mutluluktur.<\/p>\n","protected":false},"excerpt":{"rendered":"<p>Kalite Politikam\u0131z Firmam\u0131z m\u00fc\u015fteri memnuniyetini birinci planda tutmakta olup, geli\u015fmi\u015f ve yenilenmi\u015f Makina parkuruyla m\u00fc\u015fterilerimizin her t\u00fcrl\u00fc talebini zaman\u0131nda ve kusursuz kar\u015f\u0131lamay\u0131 kendisine ilke edinmi\u015ftir. Hedefimiz; de\u011fi\u015fen ve b\u00fcy\u00fcyen i\u015f ortaklar\u0131m\u0131z\u0131n ihtiya\u00e7lar\u0131n\u0131 profesyonel kadromuzla eksiksiz ve h\u0131zl\u0131 bir \u015fekilde kar\u015f\u0131layabilmek ve sekt\u00f6rde ilk s\u0131ralarda yer alabilmektir. HNC Kal\u0131p \u00fcretti\u011fi her [&hellip;]<\/p>\n","protected":false},"author":5,"featured_media":0,"parent":2,"menu_order":0,"comment_status":"closed","ping_status":"closed","template":"","meta":[],"_links":{"self":[{"href":"https:\/\/www.hnckalip.com\/index.php\/wp-json\/wp\/v2\/pages\/18"}],"collection":[{"href":"https:\/\/www.hnckalip.com\/index.php\/wp-json\/wp\/v2\/pages"}],"about":[{"href":"https:\/\/www.hnckalip.com\/index.php\/wp-json\/wp\/v2\/types\/page"}],"author":[{"embeddable":true,"href":"https:\/\/www.hnckalip.com\/index.php\/wp-json\/wp\/v2\/users\/5"}],"replies":[{"embeddable":true,"href":"https:\/\/www.hnckalip.com\/index.php\/wp-json\/wp\/v2\/comments?post=18"}],"version-history":[{"count":0,"href":"https:\/\/www.hnckalip.com\/index.php\/wp-json\/wp\/v2\/pages\/18\/revisions"}],"up":[{"embeddable":true,"href":"https:\/\/www.hnckalip.com\/index.php\/wp-json\/wp\/v2\/pages\/2"}],"wp:attachment":[{"href":"https:\/\/www.hnckalip.com\/index.php\/wp-json\/wp\/v2\/media?parent=18"}],"curies":[{"name":"wp","href":"https:\/\/api.w.org\/{rel}","templated":true}]}}