{"id":1425,"date":"2017-01-20T01:45:37","date_gmt":"2017-01-20T09:45:37","guid":{"rendered":"http:\/\/www.hnckalip.com\/?page_id=1425"},"modified":"2023-07-21T15:19:17","modified_gmt":"2023-07-21T12:19:17","slug":"imalatlar","status":"publish","type":"page","link":"https:\/\/www.hnckalip.com\/index.php\/imalatlar\/","title":{"rendered":"\u0130MALATLAR"},"content":{"rendered":"\n<p><\/p>\n\n\n<h1><\/h1>\n<div class=\"mceTemp\"><img decoding=\"async\" loading=\"lazy\" src=\"https:\/\/www.hnckalip.com\/wp-content\/uploads\/BK-7.jpg\" alt=\"\" width=\"682\" height=\"783\" class=\"wp-image-1518  aligncenter\" \/><\/div>\n<h1 style=\"text-align: center;\">BK AL\u00dcN\u0130NYUM MERD\u0130VEN MAFSALI<\/h1>\n<p><img decoding=\"async\" loading=\"lazy\" src=\"https:\/\/www.hnckalip.com\/wp-content\/uploads\/CK-MEDIVEN-MAFSALI.jpg\" alt=\"\" width=\"854\" height=\"666\" class=\"aligncenter wp-image-1519 size-full\" srcset=\"https:\/\/www.hnckalip.com\/wp-content\/uploads\/CK-MEDIVEN-MAFSALI.jpg 854w, https:\/\/www.hnckalip.com\/wp-content\/uploads\/CK-MEDIVEN-MAFSALI-320x250.jpg 320w, https:\/\/www.hnckalip.com\/wp-content\/uploads\/CK-MEDIVEN-MAFSALI-768x599.jpg 768w, https:\/\/www.hnckalip.com\/wp-content\/uploads\/CK-MEDIVEN-MAFSALI-600x468.jpg 600w\" sizes=\"(max-width: 854px) 100vw, 854px\" \/><\/p>\n<h1 style=\"text-align: center;\">CK AL\u00dcN\u0130NYUM MERD\u0130VEN MAFSALI<\/h1>\n<p><\/p>\n\n\n<figure class=\"wp-block-image size-full\"><img decoding=\"async\" loading=\"lazy\" width=\"854\" height=\"666\" src=\"https:\/\/www.hnckalip.com\/wp-content\/uploads\/toplu.bmp\" alt=\"\" class=\"wp-image-1514\" srcset=\"https:\/\/www.hnckalip.com\/wp-content\/uploads\/toplu.bmp 854w, https:\/\/www.hnckalip.com\/wp-content\/uploads\/toplu-320x250.jpg 320w, https:\/\/www.hnckalip.com\/wp-content\/uploads\/toplu-768x599.jpg 768w, https:\/\/www.hnckalip.com\/wp-content\/uploads\/toplu-600x468.jpg 600w\" sizes=\"(max-width: 854px) 100vw, 854px\" \/><\/figure>\n\n\n\n<p><\/p>\n\n\n\n<h2 class=\"wp-block-heading alignwide has-text-align-center\">AL\u00dcN\u0130NYUM MERD\u0130VEN MENTE\u015eES\u0130<\/h2>\n","protected":false},"excerpt":{"rendered":"<p>BK AL\u00dcN\u0130NYUM MERD\u0130VEN MAFSALI CK AL\u00dcN\u0130NYUM MERD\u0130VEN MAFSALI AL\u00dcN\u0130NYUM MERD\u0130VEN MENTE\u015eES\u0130<\/p>\n","protected":false},"author":5,"featured_media":0,"parent":0,"menu_order":2,"comment_status":"closed","ping_status":"closed","template":"","meta":[],"_links":{"self":[{"href":"https:\/\/www.hnckalip.com\/index.php\/wp-json\/wp\/v2\/pages\/1425"}],"collection":[{"href":"https:\/\/www.hnckalip.com\/index.php\/wp-json\/wp\/v2\/pages"}],"about":[{"href":"https:\/\/www.hnckalip.com\/index.php\/wp-json\/wp\/v2\/types\/page"}],"author":[{"embeddable":true,"href":"https:\/\/www.hnckalip.com\/index.php\/wp-json\/wp\/v2\/users\/5"}],"replies":[{"embeddable":true,"href":"https:\/\/www.hnckalip.com\/index.php\/wp-json\/wp\/v2\/comments?post=1425"}],"version-history":[{"count":0,"href":"https:\/\/www.hnckalip.com\/index.php\/wp-json\/wp\/v2\/pages\/1425\/revisions"}],"wp:attachment":[{"href":"https:\/\/www.hnckalip.com\/index.php\/wp-json\/wp\/v2\/media?parent=1425"}],"curies":[{"name":"wp","href":"https:\/\/api.w.org\/{rel}","templated":true}]}}