{"id":14,"date":"2008-12-31T06:39:51","date_gmt":"2008-12-31T14:39:51","guid":{"rendered":"http:\/\/www.hnckalip.com\/?page_id=14"},"modified":"2017-01-17T00:30:07","modified_gmt":"2017-01-17T08:30:07","slug":"vizyon-misyon","status":"publish","type":"page","link":"https:\/\/www.hnckalip.com\/index.php\/kurumsal\/vizyon-misyon\/","title":{"rendered":"Vizyon Misyon"},"content":{"rendered":"<h1>Vizyonumuz<\/h1>\n<p>Her an, her yerde ve her a\u015famada Ko\u015fulsuz M\u00fc\u015fteri Memnuniyetini esas almak, Payda\u015flar\u0131m\u0131zla birlikte Kalitenin bir ya\u015fam bi\u00e7imi olarak, ilerleme ve geli\u015fmenin alt yap\u0131s\u0131 olmas\u0131n\u0131 sa\u011flamak ve bu anlay\u0131\u015f\u0131 yayg\u0131n hale geli\u015ftirmek, \u015eirketimizin T\u00fcrk Ekonomisinde, i\u015f hayat\u0131nda, i\u015f ahlaki ve kurum k\u00fclt\u00fcr\u00fc normlar\u0131nda k\u0131ymet yaratarak ilelebet ya\u015fayacak bir i\u015fletme olmas\u0131n\u0131 ama\u00e7layan ilkelere ba\u011fl\u0131 kalmak, Yurti\u00e7i ve yurtd\u0131\u015f\u0131 m\u00fc\u015fterilerimizle, tedarik\u00e7ilerimizle hedef ortakl\u0131\u011f\u0131m\u0131z\u0131 devam ettirmek, faaliyet alanlar\u0131m\u0131zda s\u00fcrekli b\u00fcy\u00fcyerek sekt\u00f6r\u00fcm\u00fczde lider firma konumumuzu kal\u0131c\u0131 k\u0131lmak.<\/p>\n<h1>Misyonumuz<\/h1>\n<p>\u015eirket ve Kalite Hedeflerimiz Do\u011frultusunda ve Toplam Kalite anlay\u0131\u015f\u0131 \u00e7er\u00e7evesinde m\u00fc\u015fteri beklentileri \u00f6tesinde de\u011fer yaratacak \u00fcr\u00fcn ve hizmet sunmak, sekt\u00f6rde \u00f6rnek ve \u00f6nc\u00fc bir kurulu\u015f olmakt\u0131r.<\/p>\n","protected":false},"excerpt":{"rendered":"<p>Vizyonumuz Her an, her yerde ve her a\u015famada Ko\u015fulsuz M\u00fc\u015fteri Memnuniyetini esas almak, Payda\u015flar\u0131m\u0131zla birlikte Kalitenin bir ya\u015fam bi\u00e7imi olarak, ilerleme ve geli\u015fmenin alt yap\u0131s\u0131 olmas\u0131n\u0131 sa\u011flamak ve bu anlay\u0131\u015f\u0131 yayg\u0131n hale geli\u015ftirmek, \u015eirketimizin T\u00fcrk Ekonomisinde, i\u015f hayat\u0131nda, i\u015f ahlaki ve kurum k\u00fclt\u00fcr\u00fc normlar\u0131nda k\u0131ymet yaratarak ilelebet ya\u015fayacak bir i\u015fletme [&hellip;]<\/p>\n","protected":false},"author":5,"featured_media":0,"parent":2,"menu_order":1,"comment_status":"closed","ping_status":"closed","template":"","meta":[],"_links":{"self":[{"href":"https:\/\/www.hnckalip.com\/index.php\/wp-json\/wp\/v2\/pages\/14"}],"collection":[{"href":"https:\/\/www.hnckalip.com\/index.php\/wp-json\/wp\/v2\/pages"}],"about":[{"href":"https:\/\/www.hnckalip.com\/index.php\/wp-json\/wp\/v2\/types\/page"}],"author":[{"embeddable":true,"href":"https:\/\/www.hnckalip.com\/index.php\/wp-json\/wp\/v2\/users\/5"}],"replies":[{"embeddable":true,"href":"https:\/\/www.hnckalip.com\/index.php\/wp-json\/wp\/v2\/comments?post=14"}],"version-history":[{"count":0,"href":"https:\/\/www.hnckalip.com\/index.php\/wp-json\/wp\/v2\/pages\/14\/revisions"}],"up":[{"embeddable":true,"href":"https:\/\/www.hnckalip.com\/index.php\/wp-json\/wp\/v2\/pages\/2"}],"wp:attachment":[{"href":"https:\/\/www.hnckalip.com\/index.php\/wp-json\/wp\/v2\/media?parent=14"}],"curies":[{"name":"wp","href":"https:\/\/api.w.org\/{rel}","templated":true}]}}