{"id":137,"date":"2009-01-02T06:04:09","date_gmt":"2009-01-02T14:04:09","guid":{"rendered":"http:\/\/www.hnckalip.com\/?page_id=137"},"modified":"2017-01-16T23:24:52","modified_gmt":"2017-01-17T07:24:52","slug":"kalip-ve-kalipcilik-ile-ilgili-dokumanlar","status":"publish","type":"page","link":"https:\/\/www.hnckalip.com\/index.php\/kalip-cesitleri\/kalip-ve-kalipcilik-ile-ilgili-dokumanlar\/","title":{"rendered":"Kal\u0131p ve Kal\u0131pc\u0131l\u0131k ile ilgili  D\u00f6k\u00fcmanlar"},"content":{"rendered":"<h1>Kal\u0131p ve Kal\u0131pc\u0131l\u0131k ile ilgili D\u00f6k\u00fcmanlar<\/h1>\n<p><a href=\"https:\/\/www.hnckalip.com\/wp-content\/uploads\/2008\/11\/sacmetalkalip.zip\" target=\"_blank\">Sac-Metal Kal\u0131p\u00e7\u0131l\u0131\u011f\u0131 <\/a>(Kaynak: turk-cad.com)<\/p>\n<p><a href=\"https:\/\/www.hnckalip.com\/wp-content\/uploads\/2008\/11\/kilavuz_kolonlu_delme_kesme.zip\" target=\"_blank\">K\u0131lavuz kolonlu delme kesme<\/a><\/p>\n<p><a href=\"https:\/\/www.hnckalip.com\/wp-content\/uploads\/2008\/11\/kilavuz_plakali_delme_kesme_kaliplari_1.zip\" target=\"_blank\">K\u0131lavuz plakal\u0131 delme kesme kal\u0131plar\u0131 &#8211; 1<\/a><\/p>\n<p><a href=\"https:\/\/www.hnckalip.com\/wp-content\/uploads\/2008\/11\/kilavuz_plakali_delme_kesme_kaliplari_2.zip\" target=\"_blank\">K\u0131lavuz plakal\u0131 delme kesme kal\u0131plar\u0131 &#8211; 2<\/a><\/p>\n<p><a href=\"https:\/\/www.hnckalip.com\/wp-content\/uploads\/2008\/11\/kilavuz_plakali_delme_kesme_kaliplari_3.zip\" target=\"_blank\">K\u0131lavuz plakal\u0131 delme kesme kal\u0131plar\u0131 &#8211; 3<\/a><\/p>\n<p><a href=\"https:\/\/www.hnckalip.com\/wp-content\/uploads\/2008\/11\/kilavuz_plakali_delme_kesme_kaliplari_4.zip\" target=\"_blank\">K\u0131lavuz plakal\u0131 delme kesme kal\u0131plar\u0131 &#8211; 4<\/a><\/p>\n<p><a href=\"https:\/\/www.hnckalip.com\/wp-content\/uploads\/2008\/11\/sami_atasimsek_sac_kaliplari.zip\" target=\"_blank\">Sami Ata\u015fim\u015fek Sac_kal\u0131plar\u0131<\/a><\/p>\n<p><a href=\"https:\/\/www.hnckalip.com\/wp-content\/uploads\/2008\/11\/solidworks_egitim_notlari.zip\" target=\"_blank\">SolidWorks E\u011fitim Notlar\u0131<\/a><\/p>\n<p><a href=\"https:\/\/www.hnckalip.com\/wp-content\/uploads\/2008\/11\/cnckaynak.doc\" target=\"_blank\">CNC kaynak<\/a><\/p>\n<p><a href=\"https:\/\/www.hnckalip.com\/wp-content\/uploads\/2008\/11\/kalipcilikta_malzeme_secimi.zip\" target=\"_blank\">Kal\u0131pc\u0131l\u0131kta Malzeme Secimi<\/a><\/p>\n<p><a href=\"https:\/\/www.hnckalip.com\/wp-content\/uploads\/2008\/11\/dairesel_interpolasyonla_isleme.pdf\" target=\"_blank\">Dairesel \u0130nterpolasyonla \u0130\u015fleme<\/a><\/p>\n<p><a href=\"https:\/\/www.hnckalip.com\/wp-content\/uploads\/2008\/11\/kaliphesaplari.rar\" target=\"_blank\">Kal\u0131p Hesaplar\u0131\u00a0<\/a><\/p>\n<p><a href=\"https:\/\/www.hnckalip.com\/wp-content\/uploads\/2008\/11\/metal_mesleginde_tablolar.rar\" target=\"_blank\">Metal Mesle\u011finde Tablolar<\/a><\/p>\n","protected":false},"excerpt":{"rendered":"<p>Kal\u0131p ve Kal\u0131pc\u0131l\u0131k ile ilgili D\u00f6k\u00fcmanlar Sac-Metal Kal\u0131p\u00e7\u0131l\u0131\u011f\u0131 (Kaynak: turk-cad.com) K\u0131lavuz kolonlu delme kesme K\u0131lavuz plakal\u0131 delme kesme kal\u0131plar\u0131 &#8211; 1 K\u0131lavuz plakal\u0131 delme kesme kal\u0131plar\u0131 &#8211; 2 K\u0131lavuz plakal\u0131 delme kesme kal\u0131plar\u0131 &#8211; 3 K\u0131lavuz plakal\u0131 delme kesme kal\u0131plar\u0131 &#8211; 4 Sami Ata\u015fim\u015fek Sac_kal\u0131plar\u0131 SolidWorks E\u011fitim Notlar\u0131 CNC kaynak [&hellip;]<\/p>\n","protected":false},"author":5,"featured_media":0,"parent":1056,"menu_order":3,"comment_status":"closed","ping_status":"closed","template":"","meta":[],"_links":{"self":[{"href":"https:\/\/www.hnckalip.com\/index.php\/wp-json\/wp\/v2\/pages\/137"}],"collection":[{"href":"https:\/\/www.hnckalip.com\/index.php\/wp-json\/wp\/v2\/pages"}],"about":[{"href":"https:\/\/www.hnckalip.com\/index.php\/wp-json\/wp\/v2\/types\/page"}],"author":[{"embeddable":true,"href":"https:\/\/www.hnckalip.com\/index.php\/wp-json\/wp\/v2\/users\/5"}],"replies":[{"embeddable":true,"href":"https:\/\/www.hnckalip.com\/index.php\/wp-json\/wp\/v2\/comments?post=137"}],"version-history":[{"count":0,"href":"https:\/\/www.hnckalip.com\/index.php\/wp-json\/wp\/v2\/pages\/137\/revisions"}],"up":[{"embeddable":true,"href":"https:\/\/www.hnckalip.com\/index.php\/wp-json\/wp\/v2\/pages\/1056"}],"wp:attachment":[{"href":"https:\/\/www.hnckalip.com\/index.php\/wp-json\/wp\/v2\/media?parent=137"}],"curies":[{"name":"wp","href":"https:\/\/api.w.org\/{rel}","templated":true}]}}