{"id":114,"date":"2009-01-02T03:34:46","date_gmt":"2009-01-02T01:34:46","guid":{"rendered":"http:\/\/www.hnckalip.com\/?page_id=114"},"modified":"2022-03-02T17:37:24","modified_gmt":"2022-03-02T14:37:24","slug":"ulasim-krokisi","status":"publish","type":"page","link":"https:\/\/www.hnckalip.com\/index.php\/ulasim-krokisi\/","title":{"rendered":"\u0130LET\u0130\u015e\u0130M"},"content":{"rendered":"<h1>HNC KALIP VE MAK\u0130NA SANAY\u0130 T\u0130CARET LTD.\u015eT\u0130<br \/>\nYE\u015e\u0130LCE MAHALLES\u0130 \u00c7EL\u0130K CADDES\u0130 NO:10 4.LEVENT<br \/>\nKA\u011eITHANE\/\u0130STANBUL<br \/>\nTel : 0 212 485 78 03 \u00a0Fax : 0 212 485 78 04<br \/>\nGsm : 0532 260 10 61<br \/>\nhnckalip@hnckalip.com<br \/>\nharun@hnckalip.com<\/h1>\n<p><a href=\"http:\/\/&lt;iframe src=&quot;https:\/\/www.google.com\/maps\/embed?pb=!1m18!1m12!1m3!1d751.6922104889567!2d29.00367699999999!3d41.095897!2m3!1f0!2f0!3f0!3m2!1i1024!2i768!4f13.1!3m3!1m2!1s0x14cab67ee716e09f%3A0xb76e4d8c4ce81187!2zw4dlbGlrIENkLiBObzoxMCwgWWXFn2lsY2UsIDM0NDE4IEthxJ_EsXRoYW5lL8Swc3RhbmJ1bCwgVMO8cmtpeWU!5e0!3m2!1str!2s!4v1442407484800&quot; width=&quot;600&quot; height=&quot;450&quot; frameborder=&quot;0&quot; style=&quot;border:0&quot; allowfullscreen&gt;&lt;\/iframe&gt;\"><iframe loading=\"lazy\" width=\"600\" height=\"450\" style=\"border: 0;\" src=\"https:\/\/www.google.com\/maps\/embed?pb=!1m18!1m12!1m3!1d751.6922104889567!2d29.00367699999999!3d41.095897!2m3!1f0!2f0!3f0!3m2!1i1024!2i768!4f13.1!3m3!1m2!1s0x14cab67ee716e09f%3A0xb76e4d8c4ce81187!2zw4dlbGlrIENkLiBObzoxMCwgWWXFn2lsY2UsIDM0NDE4IEthxJ_EsXRoYW5lL8Swc3RhbmJ1bCwgVMO8cmtpeWU!5e0!3m2!1str!2s!4v1442407484800\" frameborder=\"0\" allowfullscreen=\"allowfullscreen\"><\/iframe><\/a><\/p>\n<p><small>\u015eunu daha b\u00fcy\u00fck bir haritada g\u00f6r\u00fcnt\u00fcle: <a style=\"color: #0000ff; text-align: left;\" href=\"https:\/\/goo.gl\/maps\/hhR2b\">HNC KALIP<\/a><\/small><\/p>\n<p style=\"text-align: center;\"><a href=\"https:\/\/goo.gl\/maps\/hhR2b\">Krokiyi B\u00fcy\u00fctmek i\u00e7in T\u0131klay\u0131n<\/a><\/p>\n","protected":false},"excerpt":{"rendered":"<p>HNC KALIP VE MAK\u0130NA SANAY\u0130 T\u0130CARET LTD.\u015eT\u0130 YE\u015e\u0130LCE MAHALLES\u0130 \u00c7EL\u0130K CADDES\u0130 NO:10 4.LEVENT KA\u011eITHANE\/\u0130STANBUL Tel : 0 212 485 78 03 \u00a0Fax : 0 212 485 78 04 Gsm : 0532 260 10 61 hnckalip@hnckalip.com harun@hnckalip.com \u015eunu daha b\u00fcy\u00fck bir haritada g\u00f6r\u00fcnt\u00fcle: HNC KALIP Krokiyi B\u00fcy\u00fctmek i\u00e7in T\u0131klay\u0131n<\/p>\n","protected":false},"author":5,"featured_media":0,"parent":0,"menu_order":7,"comment_status":"closed","ping_status":"closed","template":"","meta":[],"_links":{"self":[{"href":"https:\/\/www.hnckalip.com\/index.php\/wp-json\/wp\/v2\/pages\/114"}],"collection":[{"href":"https:\/\/www.hnckalip.com\/index.php\/wp-json\/wp\/v2\/pages"}],"about":[{"href":"https:\/\/www.hnckalip.com\/index.php\/wp-json\/wp\/v2\/types\/page"}],"author":[{"embeddable":true,"href":"https:\/\/www.hnckalip.com\/index.php\/wp-json\/wp\/v2\/users\/5"}],"replies":[{"embeddable":true,"href":"https:\/\/www.hnckalip.com\/index.php\/wp-json\/wp\/v2\/comments?post=114"}],"version-history":[{"count":0,"href":"https:\/\/www.hnckalip.com\/index.php\/wp-json\/wp\/v2\/pages\/114\/revisions"}],"wp:attachment":[{"href":"https:\/\/www.hnckalip.com\/index.php\/wp-json\/wp\/v2\/media?parent=114"}],"curies":[{"name":"wp","href":"https:\/\/api.w.org\/{rel}","templated":true}]}}