{"id":1062,"date":"2011-10-27T02:50:21","date_gmt":"2011-10-27T10:50:21","guid":{"rendered":"http:\/\/www.hnckalip.com\/?page_id=1062"},"modified":"2017-01-16T07:51:54","modified_gmt":"2017-01-16T15:51:54","slug":"yapilan-numuneler","status":"publish","type":"page","link":"https:\/\/www.hnckalip.com\/index.php\/yapilan-numuneler\/","title":{"rendered":"NUMULELER"},"content":{"rendered":"<p style=\"text-align: left;\"><img decoding=\"async\" loading=\"lazy\" class=\"size-full wp-image-1297\" src=\"https:\/\/www.hnckalip.com\/wp-content\/uploads\/teker-sac\u0131.jpg\" alt=\"\" width=\"160\" height=\"107\" \/> <img decoding=\"async\" loading=\"lazy\" class=\"size-full wp-image-1296\" src=\"https:\/\/www.hnckalip.com\/wp-content\/uploads\/s\u00fcr\u00fcg\u00fc-kapak-sac\u0131.jpg\" alt=\"\" width=\"160\" height=\"107\" \/> <img decoding=\"async\" loading=\"lazy\" class=\"size-full wp-image-1295\" src=\"https:\/\/www.hnckalip.com\/wp-content\/uploads\/s\u00fcrg\u00fc-kapak-ayar-sac\u0131.jpg\" alt=\"\" width=\"160\" height=\"107\" \/> <img decoding=\"async\" loading=\"lazy\" class=\"size-full wp-image-1294\" src=\"https:\/\/www.hnckalip.com\/wp-content\/uploads\/sac-k\u00f6\u015fe-baglant\u0131.jpg\" alt=\"\" width=\"160\" height=\"107\" \/><img decoding=\"async\" loading=\"lazy\" class=\"size-full wp-image-1293\" src=\"https:\/\/www.hnckalip.com\/wp-content\/uploads\/pvs-kayar-kanat-mekanizmas\u0131.jpg\" alt=\"\" width=\"160\" height=\"107\" \/> <img decoding=\"async\" loading=\"lazy\" class=\"size-full wp-image-1292\" src=\"https:\/\/www.hnckalip.com\/wp-content\/uploads\/pvs-kayar-kanat-ayar-sac\u0131.jpg\" alt=\"\" width=\"160\" height=\"107\" \/> <img decoding=\"async\" loading=\"lazy\" class=\"size-full wp-image-1291\" src=\"https:\/\/www.hnckalip.com\/wp-content\/uploads\/piriz-sar\u0131-saclar\u0131.jpg\" alt=\"\" width=\"160\" height=\"107\" \/> <img decoding=\"async\" loading=\"lazy\" class=\"size-full wp-image-1290\" src=\"https:\/\/www.hnckalip.com\/wp-content\/uploads\/nova-priz-baglant\u0131-sac\u0131-1.jpg\" alt=\"\" width=\"160\" height=\"107\" \/> <img decoding=\"async\" loading=\"lazy\" class=\"size-full wp-image-1281\" src=\"https:\/\/www.hnckalip.com\/wp-content\/uploads\/ma\u015fa-kulbu-sac\u0131.jpg\" alt=\"\" width=\"160\" height=\"107\" \/> <img decoding=\"async\" loading=\"lazy\" class=\"size-full wp-image-1283\" src=\"https:\/\/www.hnckalip.com\/wp-content\/uploads\/motor-kapak-sac\u0131.jpg\" alt=\"\" width=\"160\" height=\"107\" \/> <img decoding=\"async\" loading=\"lazy\" class=\"size-full wp-image-1282\" src=\"https:\/\/www.hnckalip.com\/wp-content\/uploads\/ma\u015fa-kulbu-sac\u0131-1.jpg\" alt=\"\" width=\"160\" height=\"107\" \/> <img decoding=\"async\" loading=\"lazy\" class=\"size-full wp-image-1284\" src=\"https:\/\/www.hnckalip.com\/wp-content\/uploads\/motor-kapak.jpg\" alt=\"\" width=\"160\" height=\"107\" \/> <img decoding=\"async\" loading=\"lazy\" class=\"size-full wp-image-1285\" src=\"https:\/\/www.hnckalip.com\/wp-content\/uploads\/motor-rumman-kapak-sac\u0131.jpg\" alt=\"\" width=\"160\" height=\"107\" \/> <img decoding=\"async\" loading=\"lazy\" class=\"size-full wp-image-1286\" src=\"https:\/\/www.hnckalip.com\/wp-content\/uploads\/motor-rumman-kapak-sac\u0131-1.jpg\" alt=\"\" width=\"160\" height=\"107\" \/> <img decoding=\"async\" loading=\"lazy\" class=\"size-full wp-image-1287\" src=\"https:\/\/www.hnckalip.com\/wp-content\/uploads\/motor-sac\u0131.jpg\" alt=\"\" width=\"160\" height=\"107\" \/> <img decoding=\"async\" loading=\"lazy\" class=\"size-full wp-image-1288\" src=\"https:\/\/www.hnckalip.com\/wp-content\/uploads\/motor-ust-kapak.jpg\" alt=\"\" width=\"160\" height=\"107\" \/> <img decoding=\"async\" loading=\"lazy\" class=\"size-full wp-image-1289\" src=\"https:\/\/www.hnckalip.com\/wp-content\/uploads\/nova-priz-baglant\u0131-sac\u0131.jpg\" alt=\"\" width=\"160\" height=\"107\" \/> <img decoding=\"async\" loading=\"lazy\" class=\"size-full wp-image-1280\" src=\"https:\/\/www.hnckalip.com\/wp-content\/uploads\/masa-ray\u0131-ayar-parcas\u0131-1.jpg\" alt=\"\" width=\"160\" height=\"107\" \/> <img decoding=\"async\" loading=\"lazy\" class=\"size-full wp-image-1279\" src=\"https:\/\/www.hnckalip.com\/wp-content\/uploads\/masa-ray\u0131-ayar-parcas\u0131.jpg\" alt=\"\" width=\"160\" height=\"107\" \/> <img decoding=\"async\" loading=\"lazy\" class=\"size-full wp-image-1278\" src=\"https:\/\/www.hnckalip.com\/wp-content\/uploads\/l-baglant\u0131.jpg\" alt=\"\" width=\"160\" height=\"107\" \/> <img decoding=\"async\" loading=\"lazy\" class=\"size-full wp-image-1276\" src=\"https:\/\/www.hnckalip.com\/wp-content\/uploads\/k\u00f6\u015fe-baglant\u0131.jpg\" alt=\"\" width=\"160\" height=\"107\" \/> <img decoding=\"async\" loading=\"lazy\" class=\"size-full wp-image-1274\" src=\"https:\/\/www.hnckalip.com\/wp-content\/uploads\/karton-kutu-k\u00f6\u015fe-\u015fac\u0131.jpg\" alt=\"\" width=\"160\" height=\"107\" \/> <img decoding=\"async\" loading=\"lazy\" class=\"size-full wp-image-1275\" src=\"https:\/\/www.hnckalip.com\/wp-content\/uploads\/karton-kutu-kulp.jpg\" alt=\"\" width=\"160\" height=\"107\" \/> <img decoding=\"async\" loading=\"lazy\" class=\"size-full wp-image-1273\" src=\"https:\/\/www.hnckalip.com\/wp-content\/uploads\/kademeli-makas-\u00fcst-baglant\u0131.jpg\" alt=\"\" width=\"160\" height=\"107\" \/> <img decoding=\"async\" loading=\"lazy\" class=\"size-full wp-image-1271\" src=\"https:\/\/www.hnckalip.com\/wp-content\/uploads\/isitici-ayar-sac\u0131.jpg\" alt=\"\" width=\"160\" height=\"107\" \/> <img decoding=\"async\" loading=\"lazy\" class=\"size-full wp-image-1264\" src=\"https:\/\/www.hnckalip.com\/wp-content\/uploads\/f\u0131r\u0131n-mente\u015fe.jpg\" alt=\"\" width=\"160\" height=\"107\" \/> <img decoding=\"async\" loading=\"lazy\" class=\"size-full wp-image-1263\" src=\"https:\/\/www.hnckalip.com\/wp-content\/uploads\/f\u0131r\u0131n-mente\u015fe-kar\u015filigi-sac\u0131-1.jpg\" alt=\"\" width=\"160\" height=\"107\" \/> <img decoding=\"async\" loading=\"lazy\" class=\"size-full wp-image-1265\" src=\"https:\/\/www.hnckalip.com\/wp-content\/uploads\/halatl\u0131-masa-ray\u0131-bilye-sac\u0131.jpg\" alt=\"\" width=\"160\" height=\"107\" \/> <img decoding=\"async\" loading=\"lazy\" class=\"size-full wp-image-1267\" src=\"https:\/\/www.hnckalip.com\/wp-content\/uploads\/havaland\u0131rma-kapak-sac\u0131-ac\u0131n\u0131m.jpg\" alt=\"\" width=\"160\" height=\"107\" \/> <img decoding=\"async\" loading=\"lazy\" class=\"size-full wp-image-1266\" src=\"https:\/\/www.hnckalip.com\/wp-content\/uploads\/havakand\u0131rma-kapak-sac\u0131.jpg\" alt=\"\" width=\"160\" height=\"107\" \/> <img decoding=\"async\" loading=\"lazy\" class=\"size-full wp-image-1269\" src=\"https:\/\/www.hnckalip.com\/wp-content\/uploads\/havaland\u0131rma-sac\u0131-komple.jpg\" alt=\"\" width=\"160\" height=\"107\" \/> <img decoding=\"async\" loading=\"lazy\" class=\"size-full wp-image-1268\" src=\"https:\/\/www.hnckalip.com\/wp-content\/uploads\/havaland\u0131rma-kapak-sac\u0131.jpg\" alt=\"\" width=\"160\" height=\"107\" \/> <img decoding=\"async\" loading=\"lazy\" class=\"size-full wp-image-1270\" src=\"https:\/\/www.hnckalip.com\/wp-content\/uploads\/havaland\u0131rma-sac\u0131-komple-1.jpg\" alt=\"\" width=\"160\" height=\"107\" \/> <img decoding=\"async\" loading=\"lazy\" class=\"size-full wp-image-1272\" src=\"https:\/\/www.hnckalip.com\/wp-content\/uploads\/kablo-k\u00f6\u015fe-tutucu-sac\u0131.jpg\" alt=\"\" width=\"160\" height=\"107\" \/> <img decoding=\"async\" loading=\"lazy\" class=\"size-full wp-image-1262\" src=\"https:\/\/www.hnckalip.com\/wp-content\/uploads\/f\u0131r\u0131n-mente\u015fe-kar\u015filigi-sac\u0131.jpg\" alt=\"\" width=\"160\" height=\"107\" \/> <img decoding=\"async\" loading=\"lazy\" class=\"size-full wp-image-1261\" src=\"https:\/\/www.hnckalip.com\/wp-content\/uploads\/f\u0131r\u0131n-baglant\u0131-sac\u0131-1.jpg\" alt=\"\" width=\"160\" height=\"107\" \/> <img decoding=\"async\" loading=\"lazy\" class=\"size-full wp-image-1260\" src=\"https:\/\/www.hnckalip.com\/wp-content\/uploads\/f\u0131r\u0131n-baglant\u0131-sac\u0131.jpg\" alt=\"\" width=\"160\" height=\"107\" \/> <img decoding=\"async\" loading=\"lazy\" class=\"size-full wp-image-1258\" src=\"https:\/\/www.hnckalip.com\/wp-content\/uploads\/di\u015f-cepe-k\u00f6\u015fe-baglant\u0131.jpg\" alt=\"\" width=\"160\" height=\"107\" \/> <img decoding=\"async\" loading=\"lazy\" class=\"size-full wp-image-1259\" src=\"https:\/\/www.hnckalip.com\/wp-content\/uploads\/dolap-surg\u00fc-sac\u0131.jpg\" alt=\"\" width=\"160\" height=\"107\" \/> <img decoding=\"async\" loading=\"lazy\" class=\"size-full wp-image-1257\" src=\"https:\/\/www.hnckalip.com\/wp-content\/uploads\/b\u00fcy\u00fck-motor-sac\u0131.jpg\" alt=\"\" width=\"160\" height=\"107\" \/> <img decoding=\"async\" loading=\"lazy\" class=\"size-full wp-image-1256\" src=\"https:\/\/www.hnckalip.com\/wp-content\/uploads\/b\u00fcy\u00fck-k\u00f6\u015fe-baglant\u0131lar.jpg\" alt=\"\" width=\"160\" height=\"107\" \/> <img decoding=\"async\" loading=\"lazy\" class=\"size-full wp-image-1255\" src=\"https:\/\/www.hnckalip.com\/wp-content\/uploads\/bakalit-d\u00fcgme.jpg\" alt=\"\" width=\"160\" height=\"107\" \/><\/p>\n<p style=\"text-align: left;\"><img decoding=\"async\" loading=\"lazy\" class=\"wp-image-1300 alignleft\" src=\"https:\/\/www.hnckalip.com\/wp-content\/uploads\/al\u00fcminyum-merdiven-mekan\u0131zmas\u0131.jpg\" alt=\"\" width=\"514\" height=\"294\" \/><\/p>\n<p style=\"text-align: left;\">\n<p style=\"text-align: left;\">\n<p style=\"text-align: left;\">\n<p style=\"text-align: left;\">\n<p style=\"text-align: left;\"><img decoding=\"async\" loading=\"lazy\" class=\"wp-image-1299\" src=\"https:\/\/www.hnckalip.com\/wp-content\/uploads\/al\u00fcminyum-merdiven-mente\u015fesi.jpg\" alt=\"\" width=\"515\" height=\"347\" \/><\/p>\n","protected":false},"excerpt":{"rendered":"","protected":false},"author":5,"featured_media":0,"parent":0,"menu_order":5,"comment_status":"closed","ping_status":"open","template":"","meta":[],"_links":{"self":[{"href":"https:\/\/www.hnckalip.com\/index.php\/wp-json\/wp\/v2\/pages\/1062"}],"collection":[{"href":"https:\/\/www.hnckalip.com\/index.php\/wp-json\/wp\/v2\/pages"}],"about":[{"href":"https:\/\/www.hnckalip.com\/index.php\/wp-json\/wp\/v2\/types\/page"}],"author":[{"embeddable":true,"href":"https:\/\/www.hnckalip.com\/index.php\/wp-json\/wp\/v2\/users\/5"}],"replies":[{"embeddable":true,"href":"https:\/\/www.hnckalip.com\/index.php\/wp-json\/wp\/v2\/comments?post=1062"}],"version-history":[{"count":0,"href":"https:\/\/www.hnckalip.com\/index.php\/wp-json\/wp\/v2\/pages\/1062\/revisions"}],"wp:attachment":[{"href":"https:\/\/www.hnckalip.com\/index.php\/wp-json\/wp\/v2\/media?parent=1062"}],"curies":[{"name":"wp","href":"https:\/\/api.w.org\/{rel}","templated":true}]}}