{"id":1056,"date":"2011-10-12T22:24:17","date_gmt":"2011-10-12T19:24:17","guid":{"rendered":"http:\/\/www.hnckalip.com\/?page_id=1056"},"modified":"2022-03-02T16:23:01","modified_gmt":"2022-03-02T13:23:01","slug":"kalip-cesitleri","status":"publish","type":"page","link":"https:\/\/www.hnckalip.com\/index.php\/kalip-cesitleri\/","title":{"rendered":"KALIPLAR"},"content":{"rendered":"<p><img decoding=\"async\" loading=\"lazy\" class=\"size-thumbnail wp-image-88 alignleft\" title=\"kalip2\" src=\"https:\/\/www.hnckalip.com\/wp-content\/uploads\/2008\/12\/kalip2-150x150.jpg\" alt=\"\" width=\"150\" height=\"150\" srcset=\"https:\/\/www.hnckalip.com\/wp-content\/uploads\/2008\/12\/kalip2-150x150.jpg 150w, https:\/\/www.hnckalip.com\/wp-content\/uploads\/2008\/12\/kalip2-160x160.jpg 160w\" sizes=\"(max-width: 150px) 100vw, 150px\" \/><img decoding=\"async\" loading=\"lazy\" class=\"size-thumbnail wp-image-87 alignleft\" title=\"kalip1\" src=\"https:\/\/www.hnckalip.com\/wp-content\/uploads\/2008\/12\/kalip1-150x150.jpg\" alt=\"\" width=\"150\" height=\"150\" srcset=\"https:\/\/www.hnckalip.com\/wp-content\/uploads\/2008\/12\/kalip1-150x150.jpg 150w, https:\/\/www.hnckalip.com\/wp-content\/uploads\/2008\/12\/kalip1-160x160.jpg 160w\" sizes=\"(max-width: 150px) 100vw, 150px\" \/><img decoding=\"async\" loading=\"lazy\" class=\"size-thumbnail wp-image-96 alignleft\" title=\"kalip10\" src=\"https:\/\/www.hnckalip.com\/wp-content\/uploads\/2008\/12\/kalip10-150x150.jpg\" alt=\"\" width=\"150\" height=\"150\" srcset=\"https:\/\/www.hnckalip.com\/wp-content\/uploads\/2008\/12\/kalip10-150x150.jpg 150w, https:\/\/www.hnckalip.com\/wp-content\/uploads\/2008\/12\/kalip10-160x160.jpg 160w\" sizes=\"(max-width: 150px) 100vw, 150px\" \/><img decoding=\"async\" loading=\"lazy\" class=\"size-thumbnail wp-image-90 alignleft\" title=\"kalip4\" src=\"https:\/\/www.hnckalip.com\/wp-content\/uploads\/2008\/12\/kalip4-150x150.jpg\" alt=\"\" width=\"150\" height=\"150\" srcset=\"https:\/\/www.hnckalip.com\/wp-content\/uploads\/2008\/12\/kalip4-150x150.jpg 150w, https:\/\/www.hnckalip.com\/wp-content\/uploads\/2008\/12\/kalip4-160x160.jpg 160w\" sizes=\"(max-width: 150px) 100vw, 150px\" \/><br \/>\n<img decoding=\"async\" loading=\"lazy\" class=\"size-thumbnail wp-image-89 alignleft\" title=\"kalip3\" src=\"https:\/\/www.hnckalip.com\/wp-content\/uploads\/2008\/12\/kalip3-150x150.jpg\" alt=\"\" width=\"150\" height=\"150\" srcset=\"https:\/\/www.hnckalip.com\/wp-content\/uploads\/2008\/12\/kalip3-150x150.jpg 150w, https:\/\/www.hnckalip.com\/wp-content\/uploads\/2008\/12\/kalip3-160x160.jpg 160w\" sizes=\"(max-width: 150px) 100vw, 150px\" \/><img decoding=\"async\" loading=\"lazy\" class=\"size-thumbnail wp-image-97 alignleft\" title=\"kalip11\" src=\"https:\/\/www.hnckalip.com\/wp-content\/uploads\/2008\/12\/kalip11-150x150.jpg\" alt=\"\" width=\"150\" height=\"150\" srcset=\"https:\/\/www.hnckalip.com\/wp-content\/uploads\/2008\/12\/kalip11-150x150.jpg 150w, https:\/\/www.hnckalip.com\/wp-content\/uploads\/2008\/12\/kalip11-160x160.jpg 160w\" sizes=\"(max-width: 150px) 100vw, 150px\" \/><\/p>\n<p><img decoding=\"async\" loading=\"lazy\" class=\"size-thumbnail wp-image-98 alignleft\" title=\"kalip12\" src=\"https:\/\/www.hnckalip.com\/wp-content\/uploads\/2008\/12\/kalip12-150x150.jpg\" alt=\"\" width=\"150\" height=\"150\" srcset=\"https:\/\/www.hnckalip.com\/wp-content\/uploads\/2008\/12\/kalip12-150x150.jpg 150w, https:\/\/www.hnckalip.com\/wp-content\/uploads\/2008\/12\/kalip12-160x160.jpg 160w\" sizes=\"(max-width: 150px) 100vw, 150px\" \/><\/p>\n<p><img decoding=\"async\" loading=\"lazy\" class=\"alignleft wp-image-94 size-thumbnail\" title=\"kalip8\" src=\"https:\/\/www.hnckalip.com\/wp-content\/uploads\/2008\/12\/kalip8-150x150.jpg\" width=\"150\" height=\"150\" srcset=\"https:\/\/www.hnckalip.com\/wp-content\/uploads\/2008\/12\/kalip8-150x150.jpg 150w, https:\/\/www.hnckalip.com\/wp-content\/uploads\/2008\/12\/kalip8-160x160.jpg 160w\" sizes=\"(max-width: 150px) 100vw, 150px\" \/><img decoding=\"async\" loading=\"lazy\" class=\"size-thumbnail wp-image-95 alignleft\" title=\"kalip9\" src=\"https:\/\/www.hnckalip.com\/wp-content\/uploads\/2008\/12\/kalip9-150x150.jpg\" alt=\"\" width=\"150\" height=\"150\" srcset=\"https:\/\/www.hnckalip.com\/wp-content\/uploads\/2008\/12\/kalip9-150x150.jpg 150w, https:\/\/www.hnckalip.com\/wp-content\/uploads\/2008\/12\/kalip9-160x160.jpg 160w\" sizes=\"(max-width: 150px) 100vw, 150px\" \/><img decoding=\"async\" loading=\"lazy\" class=\"size-thumbnail wp-image-92 alignleft\" title=\"kalip6\" src=\"https:\/\/www.hnckalip.com\/wp-content\/uploads\/2008\/12\/kalip6-150x150.jpg\" alt=\"\" width=\"150\" height=\"150\" srcset=\"https:\/\/www.hnckalip.com\/wp-content\/uploads\/2008\/12\/kalip6-150x150.jpg 150w, https:\/\/www.hnckalip.com\/wp-content\/uploads\/2008\/12\/kalip6-160x160.jpg 160w\" sizes=\"(max-width: 150px) 100vw, 150px\" \/><img decoding=\"async\" loading=\"lazy\" class=\"size-thumbnail wp-image-91 alignleft\" title=\"kalip5\" src=\"https:\/\/www.hnckalip.com\/wp-content\/uploads\/2008\/12\/kalip5-150x150.jpg\" alt=\"\" width=\"150\" height=\"150\" srcset=\"https:\/\/www.hnckalip.com\/wp-content\/uploads\/2008\/12\/kalip5-150x150.jpg 150w, https:\/\/www.hnckalip.com\/wp-content\/uploads\/2008\/12\/kalip5-160x160.jpg 160w\" sizes=\"(max-width: 150px) 100vw, 150px\" \/><img decoding=\"async\" loading=\"lazy\" class=\"size-thumbnail wp-image-1253 alignleft\" src=\"https:\/\/www.hnckalip.com\/wp-content\/uploads\/saqr\u0131-y\u00fcz\u00fck-kal\u0131b\u0131-\u00fcst-150x150.jpg\" alt=\"\" width=\"150\" height=\"150\" srcset=\"https:\/\/www.hnckalip.com\/wp-content\/uploads\/saqr\u0131-y\u00fcz\u00fck-kal\u0131b\u0131-\u00fcst-150x150.jpg 150w, https:\/\/www.hnckalip.com\/wp-content\/uploads\/saqr\u0131-y\u00fcz\u00fck-kal\u0131b\u0131-\u00fcst-160x160.jpg 160w\" sizes=\"(max-width: 150px) 100vw, 150px\" \/> <img decoding=\"async\" loading=\"lazy\" class=\"size-thumbnail wp-image-1252 alignleft\" src=\"https:\/\/www.hnckalip.com\/wp-content\/uploads\/saqr\u0131-y\u00fcz\u00fck-kal\u0131b\u0131-komple-150x150.jpg\" alt=\"\" width=\"150\" height=\"150\" srcset=\"https:\/\/www.hnckalip.com\/wp-content\/uploads\/saqr\u0131-y\u00fcz\u00fck-kal\u0131b\u0131-komple-150x150.jpg 150w, https:\/\/www.hnckalip.com\/wp-content\/uploads\/saqr\u0131-y\u00fcz\u00fck-kal\u0131b\u0131-komple-160x160.jpg 160w\" sizes=\"(max-width: 150px) 100vw, 150px\" \/> <img decoding=\"async\" loading=\"lazy\" class=\"size-thumbnail wp-image-1251 alignleft\" src=\"https:\/\/www.hnckalip.com\/wp-content\/uploads\/saqr\u0131-y\u00fcz\u00fck-kal\u0131b\u0131-150x150.jpg\" alt=\"\" width=\"150\" height=\"150\" srcset=\"https:\/\/www.hnckalip.com\/wp-content\/uploads\/saqr\u0131-y\u00fcz\u00fck-kal\u0131b\u0131-150x150.jpg 150w, https:\/\/www.hnckalip.com\/wp-content\/uploads\/saqr\u0131-y\u00fcz\u00fck-kal\u0131b\u0131-160x160.jpg 160w\" sizes=\"(max-width: 150px) 100vw, 150px\" \/><\/p>\n","protected":false},"excerpt":{"rendered":"","protected":false},"author":5,"featured_media":0,"parent":0,"menu_order":6,"comment_status":"closed","ping_status":"closed","template":"","meta":[],"_links":{"self":[{"href":"https:\/\/www.hnckalip.com\/index.php\/wp-json\/wp\/v2\/pages\/1056"}],"collection":[{"href":"https:\/\/www.hnckalip.com\/index.php\/wp-json\/wp\/v2\/pages"}],"about":[{"href":"https:\/\/www.hnckalip.com\/index.php\/wp-json\/wp\/v2\/types\/page"}],"author":[{"embeddable":true,"href":"https:\/\/www.hnckalip.com\/index.php\/wp-json\/wp\/v2\/users\/5"}],"replies":[{"embeddable":true,"href":"https:\/\/www.hnckalip.com\/index.php\/wp-json\/wp\/v2\/comments?post=1056"}],"version-history":[{"count":0,"href":"https:\/\/www.hnckalip.com\/index.php\/wp-json\/wp\/v2\/pages\/1056\/revisions"}],"wp:attachment":[{"href":"https:\/\/www.hnckalip.com\/index.php\/wp-json\/wp\/v2\/media?parent=1056"}],"curies":[{"name":"wp","href":"https:\/\/api.w.org\/{rel}","templated":true}]}}