{"id":102,"date":"2009-01-01T11:52:03","date_gmt":"2009-01-01T19:52:03","guid":{"rendered":"http:\/\/www.hnckalip.com\/?page_id=102"},"modified":"2017-01-17T01:13:33","modified_gmt":"2017-01-17T09:13:33","slug":"kalip-cesitleri","status":"publish","type":"page","link":"https:\/\/www.hnckalip.com\/index.php\/kalip-cesitleri\/kalip-cesitleri\/","title":{"rendered":"Kal\u0131plar Hakk\u0131nda"},"content":{"rendered":"<h1>Kal\u0131p \u00c7e\u015fitleri<\/h1>\n<h1>1 ) Plastik kal\u0131plar\u0131<\/h1>\n<p><strong>A ) Plastik enjeksiyon kal\u0131b\u0131<\/strong><\/p>\n<p>Kullan\u0131m amac\u0131na g\u00f6re en fazla plastik \u00e7e\u015fitinin \u00fcretildi\u011fi kal\u0131plard\u0131r.Enjeksiyon oca\u011f\u0131 i\u00e7inde eritilen plastik hammaddesi kal\u0131b\u0131n i\u00e7ine y\u00fcksek bas\u0131n\u00e7la enjekte edilir.Kal\u0131b\u0131n i\u00e7inde so\u011fuyan plastik kal\u0131b\u0131n \u015feklini al\u0131r.Bu i\u015flemin s\u00fcresi saniyelerle \u00f6l\u00e7\u00fclebilecek kadar k\u0131sa bir s\u00fcrededir.Bu y\u00f6ntemle \u00e7ok hassas \u00f6l\u00e7\u00fclerde plastik par\u00e7alar \u00fcretilebilir.Uygunsuz \u00fcr\u00fcnler tekrar geri d\u00f6n\u00fc\u015ft\u00fcr\u00fcl\u00fcp \u015fekillendirilebilir.<\/p>\n<p><strong>B ) \u00a0Termoset kal\u0131b\u0131<\/strong><\/p>\n<p>Bu t\u00fcr kal\u0131plarda enjeksiyon kal\u0131plar\u0131ndan farkl\u0131 olarak termoset ve kompozit plastikler y\u00fcksek \u0131s\u0131 ve bas\u0131n\u00e7 alt\u0131nda pi\u015firilerek kal\u0131b\u0131n \u015feklini almas\u0131 sa\u011flan\u0131r.\u00dcretim esnas\u0131nda ta\u015fma \u00e7apaklar\u0131 olu\u015fur bu \u00e7apaklar dolaplama z\u0131mparalama ve vibrasyon gibi i\u015flemler uygulanarak temizlenir. Bu y\u00f6ntemle \u015fekillendirilen plastikler tekrar geri d\u00f6n\u00fc\u015ft\u00fcr\u00fclemez.Pi\u015fmi\u015f ekme\u011fin tekrar un haline getirilememesi gibi.<br \/>\n\u00d6rnek \u00fcr\u00fcnler :Bakalit elektrik malzemeleri,Melamin tabaklar,K\u00fcl tablalar\u0131 Vs.<\/p>\n<p><strong>C ) Termoform (Vakum) Kal\u0131plar\u0131<\/strong><\/p>\n<p>Bu kal\u0131plama y\u00f6nteminde termoplastik grubuna giren plastiklerden \u00fcretilmi\u015f levha \u0131s\u0131t\u0131l\u0131r ve vakumla kal\u0131b\u0131n \u00fczerine emilerek \u00fcr\u00fcn\u00fcn formunu almas\u0131 sa\u011flan\u0131r.<\/p>\n<p><strong>D ) \u015eisirme (Blow Mold) Kal\u0131plar\u0131<\/strong><\/p>\n<p>Bu \u00fcr\u00fcnlere en iyi \u00f6rnek \u015fi\u015felerdir.Ergimi\u015f plastik boru \u015feklinde ocaktan akarken.Kal\u0131b\u0131n aras\u0131na hapsedilir ve bir noktadan i\u00e7ine bas\u0131n\u00e7l\u0131 hava verilerek kal\u0131b\u0131 i\u00e7inde \u015fi\u015firilir.Kal\u0131p i\u00e7inde so\u011fuyan plastik kal\u0131b\u0131n \u015feklini al\u0131r.<\/p>\n<p><strong>E ) Extr\u00fczyon kal\u0131b\u0131<\/strong><\/p>\n<p>Extr\u00fczyon oca\u011f\u0131nda eritilen plastik kal\u0131p i\u00e7inden s\u00fcrekli olarak ak\u0131t\u0131l\u0131r ve kal\u0131p \u00e7\u0131k\u0131\u015f\u0131nda hava veya su ile so\u011futulur.Pencere kap\u0131 profilleri,hortumlar,kablolar vs.Bu y\u00f6ntemle \u00fcretilir.<\/p>\n<h1>2 ) Metal enjeksiyon kal\u0131plar\u0131<\/h1>\n<p>Aliminyum ve zamak t\u00fcr\u00fc yumu\u015fak metallerin \u00fcretilmesinde kullan\u0131l\u0131r.Plastik enjeksiyon kal\u0131plar\u0131 ile ayn\u0131 y\u00f6ntem kullan\u0131l\u0131r.Yolluk giri\u015fleri ve ta\u015fma cepleri ile plastik enjeksiyon kal\u0131plar\u0131ndan ayr\u0131l\u0131r.S\u0131cak kamara ve so\u011fuk kamara olarak iki tip enjeksiyon presinde \u00fcretim yap\u0131l\u0131r.<\/p>\n<h1>3 ) Metal Form Ve Kesme S\u0131vama Kal\u0131plar\u0131<\/h1>\n<p>Sac ve metal levhalar\u0131n \u015fekillendirmesi amac\u0131<br \/>\nile kullan\u0131l\u0131r.Kal\u0131pta uygun \u015fekilde yerle\u015ftirilmi\u015f z\u0131mbalar ile uygun pres makinalar\u0131nda sac \u00fczerinde delme kesme ve s\u0131vama gibi i\u015flemler yaparak sac ve metal par\u00e7alar\u0131n seri \u00fcretimi sa\u011flan\u0131r.<\/p>\n<h1>4 ) D\u00f6vme kal\u0131plar\u0131<\/h1>\n<p>Metallerin \u0131s\u0131t\u0131larak bir kal\u0131b\u0131n aras\u0131nda preslenmesi ile metalin kal\u0131b\u0131n \u015feklini almas\u0131 sa\u011flan\u0131r.<\/p>\n<p>Bir kal\u0131p yapt\u0131rmaya karar verdi\u011finizde \u00f6ncelikle bir tak\u0131m fizibilite \u00e7al\u0131\u015fmalar\u0131n\u0131 yapman\u0131z gerekir.Bunlar k\u0131saca kal\u0131b\u0131n \u00e7\u0131kacak \u00fcr\u00fcn\u00fcn yakla\u015f\u0131k \u00fcretilece\u011fi adet \u00fcr\u00fcn\u00fcn yap\u0131m\u0131nda kullan\u0131lacak plastik t\u00fcr\u00fc \u00fcr\u00fcn\u00fcn \u00f6l\u00e7\u00fclerindeki hassasiyet derecesi y\u00fczey parlakl\u0131\u011f\u0131 gibi kal\u0131b\u0131n maliyetini direkt etkileyen fakt\u00f6rlerdir.<\/p>\n<p>\u00dcretilecek par\u00e7alarda m\u00fcmk\u00fcn mertebe ters t\u0131rnak ve a\u00e7\u0131lar ince cidar kal\u0131nl\u0131\u011f\u0131 gibi detaylara dikkat edilmelidir.Bunlar kal\u0131p maliyetini do\u011frudan etkileyen fakt\u00f6rlerdir.Par\u00e7ada olmas\u0131 istenen bir ters t\u0131rnak kal\u0131p maliyetini iki kat\u0131na \u00e7\u0131kartabilir.<\/p>\n<p>En iyisi profesyonel bir tasar\u0131mc\u0131dan bu konuda destek almak \u00f6r\u00fcn\u00fcn \u00fc\u00e7 boyutlu kat\u0131 modellerini bilgisayar ortam\u0131nda \u00e7\u0131kartt\u0131r\u0131p kal\u0131p\u00e7\u0131ya \u00f6yle gitmektir.<\/p>\n<p>G\u00fcn\u00fcm\u00fczde prototip yap\u0131m teknikleri son derece geli\u015fti bilgisayar ortam\u0131nda \u00fcr\u00fcn\u00fcn modellemesini yapt\u0131rd\u0131ktan sonra bir prototip \u00fcr\u00fcn yapt\u0131r\u0131rsan\u0131z kal\u0131b\u0131 yapacak olan firman\u0131n fiyatland\u0131rmada yan\u0131lmas\u0131n\u0131 ve \u00fcr\u00fcn tasar\u0131m\u0131nda sonradan yap\u0131labilecek de\u011fi\u015fiklik ve d\u00fczeltmelerin bunun sonucunda hesapta olmayan ek s\u00fcrelerin ve maliyetlerin ba\u015flang\u0131\u00e7ta \u00f6n\u00fcne ge\u00e7mi\u015f olursunuz.<\/p>\n","protected":false},"excerpt":{"rendered":"<p>Kal\u0131p \u00c7e\u015fitleri 1 ) Plastik kal\u0131plar\u0131 A ) Plastik enjeksiyon kal\u0131b\u0131 Kullan\u0131m amac\u0131na g\u00f6re en fazla plastik \u00e7e\u015fitinin \u00fcretildi\u011fi kal\u0131plard\u0131r.Enjeksiyon oca\u011f\u0131 i\u00e7inde eritilen plastik hammaddesi kal\u0131b\u0131n i\u00e7ine y\u00fcksek bas\u0131n\u00e7la enjekte edilir.Kal\u0131b\u0131n i\u00e7inde so\u011fuyan plastik kal\u0131b\u0131n \u015feklini al\u0131r.Bu i\u015flemin s\u00fcresi saniyelerle \u00f6l\u00e7\u00fclebilecek kadar k\u0131sa bir s\u00fcrededir.Bu y\u00f6ntemle \u00e7ok hassas \u00f6l\u00e7\u00fclerde plastik [&hellip;]<\/p>\n","protected":false},"author":5,"featured_media":0,"parent":1056,"menu_order":2,"comment_status":"closed","ping_status":"closed","template":"","meta":[],"_links":{"self":[{"href":"https:\/\/www.hnckalip.com\/index.php\/wp-json\/wp\/v2\/pages\/102"}],"collection":[{"href":"https:\/\/www.hnckalip.com\/index.php\/wp-json\/wp\/v2\/pages"}],"about":[{"href":"https:\/\/www.hnckalip.com\/index.php\/wp-json\/wp\/v2\/types\/page"}],"author":[{"embeddable":true,"href":"https:\/\/www.hnckalip.com\/index.php\/wp-json\/wp\/v2\/users\/5"}],"replies":[{"embeddable":true,"href":"https:\/\/www.hnckalip.com\/index.php\/wp-json\/wp\/v2\/comments?post=102"}],"version-history":[{"count":0,"href":"https:\/\/www.hnckalip.com\/index.php\/wp-json\/wp\/v2\/pages\/102\/revisions"}],"up":[{"embeddable":true,"href":"https:\/\/www.hnckalip.com\/index.php\/wp-json\/wp\/v2\/pages\/1056"}],"wp:attachment":[{"href":"https:\/\/www.hnckalip.com\/index.php\/wp-json\/wp\/v2\/media?parent=102"}],"curies":[{"name":"wp","href":"https:\/\/api.w.org\/{rel}","templated":true}]}}